{"id":14,"date":"2016-04-27T08:27:58","date_gmt":"2016-04-27T08:27:58","guid":{"rendered":"http:\/\/bridge30.qodeinteractive.com\/?page_id=14"},"modified":"2020-01-02T11:49:25","modified_gmt":"2020-01-02T10:49:25","slug":"about-2","status":"publish","type":"page","link":"https:\/\/www.hoyesarte.com\/constelac10n\/about-2\/","title":{"rendered":"B10GRAFIA"},"content":{"rendered":"<div class=\"wpb-content-wrapper\"><p>[vc_row css_animation=\u00bb\u00bb row_type=\u00bbrow\u00bb use_row_as_full_screen_section=\u00bbno\u00bb type=\u00bbgrid\u00bb angled_section=\u00bbno\u00bb text_align=\u00bbcenter\u00bb background_image_as_pattern=\u00bbwithout_pattern\u00bb css=\u00bb.vc_custom_1463384438060{padding-bottom: 53px !important;}\u00bb][vc_column offset=\u00bbvc_col-lg-offset-3 vc_col-lg-6 vc_col-md-offset-2 vc_col-md-8&#8243;][vc_single_image image=\u00bb198&#8243; img_size=\u00bbfull\u00bb alignment=\u00bbcenter\u00bb qode_css_animation=\u00bb\u00bb][vc_separator type=\u00bbtransparent\u00bb thickness=\u00bb0&#8243; up=\u00bb0&#8243; down=\u00bb62&#8243;][vc_column_text]<\/p>\n<h2><\/h2>\n<p>[\/vc_column_text][vc_separator type=\u00bbtransparent\u00bb thickness=\u00bb0&#8243; up=\u00bb0&#8243; down=\u00bb27&#8243;][vc_column_text]Mario Herrero estudi\u00f3 Periodismo en la Universidad Complutense de Madrid. En los primeros a\u00f1os de carrera ya hac\u00eda cr\u00edticas de discos en <em>Muzikalia<\/em>, co-dirig\u00eda el programa \u00abLa naranja electr\u00f3nica\u00bb en Radio Enlace y hac\u00eda fotos en la revista de <em>Hip-Hop Serie B<\/em>. Sin embargo dej\u00f3 el periodismo musical para centrarse profesionalmente en su productora <a href=\"http:\/\/www.polvora.tv\">Polvora<\/a>. Nunca dej\u00f3 de lado la meloman\u00eda y ahora, a trav\u00e9s de <em>hoyesarte.com<\/em>, vuelve a conectar con su pasado en el medio escrito.[\/vc_column_text][vc_separator type=\u00bbtransparent\u00bb thickness=\u00bb0&#8243; up=\u00bb0&#8243; down=\u00bb25&#8243;][\/vc_column][\/vc_row]<\/p>\n<\/div>","protected":false},"excerpt":{"rendered":"<p>[vc_row css_animation=\u00bb\u00bb row_type=\u00bbrow\u00bb use_row_as_full_screen_section=\u00bbno\u00bb type=\u00bbgrid\u00bb angled_section=\u00bbno\u00bb text_align=\u00bbcenter\u00bb background_image_as_pattern=\u00bbwithout_pattern\u00bb css=\u00bb.vc_custom_1463384438060{padding-bottom: 53px !important;}\u00bb][vc_column offset=\u00bbvc_col-lg-offset-3 vc_col-lg-6 vc_col-md-offset-2 vc_col-md-8&#8243;][vc_single_image image=\u00bb198&#8243; img_size=\u00bbfull\u00bb alignment=\u00bbcenter\u00bb qode_css_animation=\u00bb\u00bb][vc_separator type=\u00bbtransparent\u00bb thickness=\u00bb0&#8243; up=\u00bb0&#8243; down=\u00bb62&#8243;][vc_column_text] [\/vc_column_text][vc_separator type=\u00bbtransparent\u00bb thickness=\u00bb0&#8243; up=\u00bb0&#8243; down=\u00bb27&#8243;][vc_column_text]Mario Herrero estudi\u00f3 Periodismo en la Universidad Complutense de Madrid. En los primeros a\u00f1os de carrera ya hac\u00eda&#8230;<\/p>\n","protected":false},"author":5628,"featured_media":0,"parent":0,"menu_order":0,"comment_status":"closed","ping_status":"closed","template":"full_width.php","meta":{"footnotes":""},"class_list":["post-14","page","type-page","status-publish","hentry"],"_links":{"self":[{"href":"https:\/\/www.hoyesarte.com\/constelac10n\/wp-json\/wp\/v2\/pages\/14","targetHints":{"allow":["GET"]}}],"collection":[{"href":"https:\/\/www.hoyesarte.com\/constelac10n\/wp-json\/wp\/v2\/pages"}],"about":[{"href":"https:\/\/www.hoyesarte.com\/constelac10n\/wp-json\/wp\/v2\/types\/page"}],"author":[{"embeddable":true,"href":"https:\/\/www.hoyesarte.com\/constelac10n\/wp-json\/wp\/v2\/users\/5628"}],"replies":[{"embeddable":true,"href":"https:\/\/www.hoyesarte.com\/constelac10n\/wp-json\/wp\/v2\/comments?post=14"}],"version-history":[{"count":4,"href":"https:\/\/www.hoyesarte.com\/constelac10n\/wp-json\/wp\/v2\/pages\/14\/revisions"}],"predecessor-version":[{"id":222,"href":"https:\/\/www.hoyesarte.com\/constelac10n\/wp-json\/wp\/v2\/pages\/14\/revisions\/222"}],"wp:attachment":[{"href":"https:\/\/www.hoyesarte.com\/constelac10n\/wp-json\/wp\/v2\/media?parent=14"}],"curies":[{"name":"wp","href":"https:\/\/api.w.org\/{rel}","templated":true}]}}