{"id":193,"date":"2019-12-29T10:15:57","date_gmt":"2019-12-29T09:15:57","guid":{"rendered":"https:\/\/www.hoyesarte.com\/constelac10n\/?page_id=193"},"modified":"2020-03-30T19:31:20","modified_gmt":"2020-03-30T17:31:20","slug":"explicac10n","status":"publish","type":"page","link":"https:\/\/www.hoyesarte.com\/constelac10n\/explicac10n\/","title":{"rendered":"EXPLICAC10N"},"content":{"rendered":"<div class=\"wpb-content-wrapper\"><p>[vc_row css_animation=\u00bb\u00bb row_type=\u00bbrow\u00bb use_row_as_full_screen_section=\u00bbno\u00bb type=\u00bbgrid\u00bb angled_section=\u00bbno\u00bb text_align=\u00bbcenter\u00bb background_image_as_pattern=\u00bbwithout_pattern\u00bb css=\u00bb.vc_custom_1463384438060{padding-bottom: 53px !important;}\u00bb][vc_column offset=\u00bbvc_col-lg-offset-3 vc_col-lg-6 vc_col-md-offset-2 vc_col-md-8&#8243;][vc_single_image image=\u00bb212&#8243; img_size=\u00bbfull\u00bb alignment=\u00bbcenter\u00bb qode_css_animation=\u00bb\u00bb][vc_separator type=\u00bbtransparent\u00bb thickness=\u00bb0&#8243; up=\u00bb0&#8243; down=\u00bb62&#8243;][vc_column_text]<\/p>\n<h2>\u00bfQu\u00e9 es CONSTELAC10N?<\/h2>\n<p>[\/vc_column_text][vc_separator type=\u00bbtransparent\u00bb thickness=\u00bb0&#8243; up=\u00bb0&#8243; down=\u00bb27&#8243;][vc_column_text]<span style=\"font-weight: 400\">CONSTELAC10N es una selecci\u00f3n de m\u00fasicas que definen la d\u00e9cada de 2010.<\/span><\/p>\n<p>&nbsp;<\/p>\n<p><span style=\"font-weight: 400\">Las estrellas, los <em>outsiders<\/em>, la vanguardia, los virales&#8230;<\/span><\/p>\n<p>&nbsp;<\/p>\n<p><span style=\"font-weight: 400\">Un repaso por los acontecimientos sobre todo musicales, pero tambi\u00e9n sociales e hist\u00f3ricos.<\/span><\/p>\n<p>&nbsp;<\/p>\n<p><span style=\"font-weight: 400\">A trav\u00e9s de 366 temas, todos explicados. Uno por cada d\u00eda de 2020.<\/span><\/p>\n<p>&nbsp;<\/p>\n<p><span style=\"font-weight: 400\">No son las mejores canciones ni las m\u00e1s populares.<\/span><\/p>\n<p>&nbsp;<\/p>\n<p><span style=\"font-weight: 400\">Son 366 temas que explican el devenir de la m\u00fasica en los 2010s.<\/span><\/p>\n<p>&nbsp;<\/p>\n<p><span style=\"font-weight: 400\">Un estudio de las modas, los sonidos, las personas y las personalidades que han marcado estos 10 a\u00f1os.<\/span>[\/vc_column_text][vc_separator type=\u00bbtransparent\u00bb thickness=\u00bb0&#8243; up=\u00bb0&#8243; down=\u00bb25&#8243;][\/vc_column][\/vc_row]<\/p>\n<\/div>","protected":false},"excerpt":{"rendered":"<p>[vc_row css_animation=\u00bb\u00bb row_type=\u00bbrow\u00bb use_row_as_full_screen_section=\u00bbno\u00bb type=\u00bbgrid\u00bb angled_section=\u00bbno\u00bb text_align=\u00bbcenter\u00bb background_image_as_pattern=\u00bbwithout_pattern\u00bb css=\u00bb.vc_custom_1463384438060{padding-bottom: 53px !important;}\u00bb][vc_column offset=\u00bbvc_col-lg-offset-3 vc_col-lg-6 vc_col-md-offset-2 vc_col-md-8&#8243;][vc_single_image image=\u00bb212&#8243; img_size=\u00bbfull\u00bb alignment=\u00bbcenter\u00bb qode_css_animation=\u00bb\u00bb][vc_separator type=\u00bbtransparent\u00bb thickness=\u00bb0&#8243; up=\u00bb0&#8243; down=\u00bb62&#8243;][vc_column_text] \u00bfQu\u00e9 es CONSTELAC10N? [\/vc_column_text][vc_separator type=\u00bbtransparent\u00bb thickness=\u00bb0&#8243; up=\u00bb0&#8243; down=\u00bb27&#8243;][vc_column_text]CONSTELAC10N es una selecci\u00f3n de m\u00fasicas que definen la d\u00e9cada de 2010. &nbsp; Las estrellas,&#8230;<\/p>\n","protected":false},"author":5628,"featured_media":0,"parent":0,"menu_order":0,"comment_status":"closed","ping_status":"closed","template":"full_width.php","meta":{"footnotes":""},"class_list":["post-193","page","type-page","status-publish","hentry"],"_links":{"self":[{"href":"https:\/\/www.hoyesarte.com\/constelac10n\/wp-json\/wp\/v2\/pages\/193","targetHints":{"allow":["GET"]}}],"collection":[{"href":"https:\/\/www.hoyesarte.com\/constelac10n\/wp-json\/wp\/v2\/pages"}],"about":[{"href":"https:\/\/www.hoyesarte.com\/constelac10n\/wp-json\/wp\/v2\/types\/page"}],"author":[{"embeddable":true,"href":"https:\/\/www.hoyesarte.com\/constelac10n\/wp-json\/wp\/v2\/users\/5628"}],"replies":[{"embeddable":true,"href":"https:\/\/www.hoyesarte.com\/constelac10n\/wp-json\/wp\/v2\/comments?post=193"}],"version-history":[{"count":3,"href":"https:\/\/www.hoyesarte.com\/constelac10n\/wp-json\/wp\/v2\/pages\/193\/revisions"}],"predecessor-version":[{"id":611,"href":"https:\/\/www.hoyesarte.com\/constelac10n\/wp-json\/wp\/v2\/pages\/193\/revisions\/611"}],"wp:attachment":[{"href":"https:\/\/www.hoyesarte.com\/constelac10n\/wp-json\/wp\/v2\/media?parent=193"}],"curies":[{"name":"wp","href":"https:\/\/api.w.org\/{rel}","templated":true}]}}