{"id":452,"date":"2015-09-28T18:29:50","date_gmt":"2015-09-28T18:29:50","guid":{"rendered":"http:\/\/hoyprueba.hol.es\/?page_id=452"},"modified":"2016-02-23T13:10:17","modified_gmt":"2016-02-23T12:10:17","slug":"about","status":"publish","type":"page","link":"https:\/\/www.hoyesarte.com\/hoy\/about\/","title":{"rendered":"Qu\u00e9 es HOY"},"content":{"rendered":"<p>HOY es un encuentro con la realidad a trav\u00e9s de los artistas y su obra, a trav\u00e9s de un\u00a0episodio al azar en sus vidas, a trav\u00e9s de un d\u00eda cualquiera<\/p>\n<p>HOY es una serie documental, el testimonio de unos hechos cotidianos, una cr\u00f3nica\u00a0audiovisual de lo ordinario y lo extraordinario<\/p>\n<p>HOY es un acercamiento al arte desde una nueva perspectiva, a lo habitual y a lo\u00a0circunstancial. Una aproximaci\u00f3n a la persona y la personalidad<\/p>\n<p>HOY es un retrato de una generaci\u00f3n, un retrato del arte de hoy, de lo contempor\u00e1neo<\/p>\n<p>Artistas rompedores, provocadores, emocionantes, valientes&#8230;<\/p>\n<p>Cada 15\u00a0d\u00edas se abrir\u00e1 una\u00a0nueva ventana a la persona y su obra a\u00a0trav\u00e9s de la cual descubriremos\u00a0a un creador dispuesto a mostrarnos c\u00f3mo es su d\u00eda a\u00a0d\u00eda<\/p>\n<p>Te invitamos a asomarte al arte de HOY<\/p>\n","protected":false},"excerpt":{"rendered":"<p>HOY es un encuentro con la realidad a trav\u00e9s de los artistas y su obra, a trav\u00e9s de un\u00a0episodio al azar en sus vidas, a trav\u00e9s de un d\u00eda cualquiera HOY es una serie documental, el testimonio de unos hechos cotidianos, una cr\u00f3nica\u00a0audiovisual de lo ordinario y lo extraordinario HOY es un acercamiento al arte &#8230;<\/p>\n","protected":false},"author":1,"featured_media":0,"parent":0,"menu_order":0,"comment_status":"closed","ping_status":"closed","template":"templates\/template-full.php","meta":{"footnotes":""},"class_list":["post-452","page","type-page","status-publish","hentry"],"_links":{"self":[{"href":"https:\/\/www.hoyesarte.com\/hoy\/wp-json\/wp\/v2\/pages\/452","targetHints":{"allow":["GET"]}}],"collection":[{"href":"https:\/\/www.hoyesarte.com\/hoy\/wp-json\/wp\/v2\/pages"}],"about":[{"href":"https:\/\/www.hoyesarte.com\/hoy\/wp-json\/wp\/v2\/types\/page"}],"author":[{"embeddable":true,"href":"https:\/\/www.hoyesarte.com\/hoy\/wp-json\/wp\/v2\/users\/1"}],"replies":[{"embeddable":true,"href":"https:\/\/www.hoyesarte.com\/hoy\/wp-json\/wp\/v2\/comments?post=452"}],"version-history":[{"count":0,"href":"https:\/\/www.hoyesarte.com\/hoy\/wp-json\/wp\/v2\/pages\/452\/revisions"}],"wp:attachment":[{"href":"https:\/\/www.hoyesarte.com\/hoy\/wp-json\/wp\/v2\/media?parent=452"}],"curies":[{"name":"wp","href":"https:\/\/api.w.org\/{rel}","templated":true}]}}