{"id":632,"date":"2016-02-23T09:54:38","date_gmt":"2016-02-23T08:54:38","guid":{"rendered":"https:\/\/www.hoyesarte.com\/hoy\/?page_id=632"},"modified":"2016-03-02T16:11:11","modified_gmt":"2016-03-02T15:11:11","slug":"prensa","status":"publish","type":"page","link":"https:\/\/www.hoyesarte.com\/hoy\/prensa\/","title":{"rendered":"Prensa"},"content":{"rendered":"<p>&nbsp;<\/p>\n<div class=\"video-container\"><iframe loading=\"lazy\" width=\"1170\" height=\"658\" src=\"https:\/\/www.youtube.com\/embed\/H7_HWgfAlMc?feature=oembed\" frameborder=\"0\" allowfullscreen><\/iframe><\/div>\n<p>&nbsp;<\/p>\n<p>\u00bfQuieres entrevistar a alg\u00fan artista de HOY o saber m\u00e1s sobre nuestro proyecto?<\/p>\n<p>Sara Gonz\u00e1lez Iglesias<br \/>\n917870327 \/ 672105713<br \/>\nsgonzalez@plannermedia.com<\/p>\n","protected":false},"excerpt":{"rendered":"<p>&nbsp; &nbsp; \u00bfQuieres entrevistar a alg\u00fan artista de HOY o saber m\u00e1s sobre nuestro proyecto? Sara Gonz\u00e1lez Iglesias 917870327 \/ 672105713 sgonzalez@plannermedia.com<\/p>\n","protected":false},"author":41,"featured_media":0,"parent":0,"menu_order":0,"comment_status":"closed","ping_status":"closed","template":"templates\/template-full.php","meta":{"footnotes":""},"class_list":["post-632","page","type-page","status-publish","hentry"],"_links":{"self":[{"href":"https:\/\/www.hoyesarte.com\/hoy\/wp-json\/wp\/v2\/pages\/632","targetHints":{"allow":["GET"]}}],"collection":[{"href":"https:\/\/www.hoyesarte.com\/hoy\/wp-json\/wp\/v2\/pages"}],"about":[{"href":"https:\/\/www.hoyesarte.com\/hoy\/wp-json\/wp\/v2\/types\/page"}],"author":[{"embeddable":true,"href":"https:\/\/www.hoyesarte.com\/hoy\/wp-json\/wp\/v2\/users\/41"}],"replies":[{"embeddable":true,"href":"https:\/\/www.hoyesarte.com\/hoy\/wp-json\/wp\/v2\/comments?post=632"}],"version-history":[{"count":0,"href":"https:\/\/www.hoyesarte.com\/hoy\/wp-json\/wp\/v2\/pages\/632\/revisions"}],"wp:attachment":[{"href":"https:\/\/www.hoyesarte.com\/hoy\/wp-json\/wp\/v2\/media?parent=632"}],"curies":[{"name":"wp","href":"https:\/\/api.w.org\/{rel}","templated":true}]}}