{"id":452,"date":"2015-09-28T18:29:50","date_gmt":"2015-09-28T16:29:50","guid":{"rendered":"http:\/\/hoyprueba.hol.es\/?page_id=452"},"modified":"2019-05-20T19:50:39","modified_gmt":"2019-05-20T17:50:39","slug":"about","status":"publish","type":"page","link":"https:\/\/www.hoyesarte.com\/premiossoledadlorenzo\/about\/","title":{"rendered":"Premios Soledad Lorenzo para Galer\u00edas de Arte"},"content":{"rendered":"<p>En el marco de la celebraci\u00f3n de su d\u00e9cimo aniversario, <strong><em>hoyesarte.com<\/em><\/strong>, primer diario de arte en lengua espa\u00f1ola, convoca la primera edici\u00f3n de los <strong>Premios Soledad Lorenzo para Galer\u00edas de Arte<\/strong>.<\/p>\n<p>Este certamen quiere reconocer la dedicaci\u00f3n, el esfuerzo y el compromiso de los galeristas espa\u00f1oles y, al tiempo, rendir homenaje a <strong>Soledad Lorenzo<\/strong>, extraordinaria profesional que tan buenos servicios ha prestado y presta al arte espa\u00f1ol.<\/p>\n<p>En <em>hoyesarte.com<\/em> creemos en el papel del galerista como promotor imprescindible del arte espa\u00f1ol dentro y fuera de nuestras fronteras, que adem\u00e1s brinda a la ciudadan\u00eda atractivos espacios de acceso gratuito en los que se muestran las nuevas tendencias y lenguajes del arte internacional y se recupera el arte del pasado, generando reflexi\u00f3n y debate en torno a la cultura.<\/p>\n<p>El objetivo de estos premios honor\u00edficos es, por tanto, reconocer la labor de los galeristas como descubridores de nuevos artistas, impulsores de su carrera, mediadores imprescindibles entre el artista y el coleccionista, generadores de patrimonio cultural y de conocimiento, eslab\u00f3n clave en la profesionalizaci\u00f3n del mercado y divulgadores en la sociedad de los valores asociados al arte y el coleccionismo.<\/p>\n","protected":false},"excerpt":{"rendered":"<p>En el marco de la celebraci\u00f3n de su d\u00e9cimo aniversario, hoyesarte.com, primer diario de arte en lengua espa\u00f1ola, convoca la primera edici\u00f3n de los Premios Soledad Lorenzo para Galer\u00edas de Arte. Este certamen quiere reconocer la dedicaci\u00f3n, el esfuerzo y el compromiso de los galeristas espa\u00f1oles y, al tiempo, rendir homenaje a Soledad Lorenzo, extraordinaria &#8230;<\/p>\n","protected":false},"author":1,"featured_media":0,"parent":0,"menu_order":0,"comment_status":"closed","ping_status":"closed","template":"templates\/template-full.php","meta":{"_monsterinsights_skip_tracking":false,"_monsterinsights_sitenote_active":false,"_monsterinsights_sitenote_note":"","_monsterinsights_sitenote_category":0,"footnotes":""},"class_list":["post-452","page","type-page","status-publish","hentry"],"yoast_head":"<!-- This site is optimized with the Yoast SEO plugin v27.5 - https:\/\/yoast.com\/product\/yoast-seo-wordpress\/ -->\n<title>Premios Soledad Lorenzo para Galer\u00edas de Arte - Premios Soledad Lorenzo para Galer\u00edas de Arte<\/title>\n<meta name=\"robots\" content=\"index, follow, max-snippet:-1, max-image-preview:large, max-video-preview:-1\" \/>\n<link rel=\"canonical\" href=\"https:\/\/www.hoyesarte.com\/premiossoledadlorenzo\/about\/\" \/>\n<meta property=\"og:locale\" content=\"es_ES\" \/>\n<meta property=\"og:type\" content=\"article\" \/>\n<meta property=\"og:title\" content=\"Premios Soledad Lorenzo para Galer\u00edas de Arte - Premios Soledad Lorenzo para Galer\u00edas de Arte\" \/>\n<meta property=\"og:description\" content=\"En el marco de la celebraci\u00f3n de su d\u00e9cimo aniversario, hoyesarte.com, primer diario de arte en lengua espa\u00f1ola, convoca la primera edici\u00f3n de los Premios Soledad Lorenzo para Galer\u00edas de Arte. Este certamen quiere reconocer la dedicaci\u00f3n, el esfuerzo y el compromiso de los galeristas espa\u00f1oles y, al tiempo, rendir homenaje a Soledad Lorenzo, extraordinaria ...\" \/>\n<meta property=\"og:url\" content=\"https:\/\/www.hoyesarte.com\/premiossoledadlorenzo\/about\/\" \/>\n<meta property=\"og:site_name\" content=\"Premios Soledad Lorenzo para Galer\u00edas de Arte\" \/>\n<meta property=\"article:modified_time\" content=\"2019-05-20T17:50:39+00:00\" \/>\n<meta name=\"twitter:card\" content=\"summary_large_image\" \/>\n<meta name=\"twitter:label1\" content=\"Tiempo de lectura\" \/>\n\t<meta name=\"twitter:data1\" content=\"1 minuto\" \/>\n<script type=\"application\/ld+json\" class=\"yoast-schema-graph\">{\"@context\":\"https:\\\/\\\/schema.org\",\"@graph\":[{\"@type\":\"WebPage\",\"@id\":\"https:\\\/\\\/www.hoyesarte.com\\\/premiossoledadlorenzo\\\/about\\\/\",\"url\":\"https:\\\/\\\/www.hoyesarte.com\\\/premiossoledadlorenzo\\\/about\\\/\",\"name\":\"Premios Soledad Lorenzo para Galer\u00edas de Arte - Premios Soledad Lorenzo para Galer\u00edas de Arte\",\"isPartOf\":{\"@id\":\"https:\\\/\\\/www.hoyesarte.com\\\/premiossoledadlorenzo\\\/#website\"},\"datePublished\":\"2015-09-28T16:29:50+00:00\",\"dateModified\":\"2019-05-20T17:50:39+00:00\",\"breadcrumb\":{\"@id\":\"https:\\\/\\\/www.hoyesarte.com\\\/premiossoledadlorenzo\\\/about\\\/#breadcrumb\"},\"inLanguage\":\"es\",\"potentialAction\":[{\"@type\":\"ReadAction\",\"target\":[\"https:\\\/\\\/www.hoyesarte.com\\\/premiossoledadlorenzo\\\/about\\\/\"]}]},{\"@type\":\"BreadcrumbList\",\"@id\":\"https:\\\/\\\/www.hoyesarte.com\\\/premiossoledadlorenzo\\\/about\\\/#breadcrumb\",\"itemListElement\":[{\"@type\":\"ListItem\",\"position\":1,\"name\":\"Portada\",\"item\":\"https:\\\/\\\/www.hoyesarte.com\\\/premiossoledadlorenzo\\\/\"},{\"@type\":\"ListItem\",\"position\":2,\"name\":\"Premios Soledad Lorenzo para Galer\u00edas de Arte\"}]},{\"@type\":\"WebSite\",\"@id\":\"https:\\\/\\\/www.hoyesarte.com\\\/premiossoledadlorenzo\\\/#website\",\"url\":\"https:\\\/\\\/www.hoyesarte.com\\\/premiossoledadlorenzo\\\/\",\"name\":\"Premios Soledad Lorenzo para Galer\u00edas de Arte\",\"description\":\"Premios para Galer\u00edas de Arte\",\"potentialAction\":[{\"@type\":\"SearchAction\",\"target\":{\"@type\":\"EntryPoint\",\"urlTemplate\":\"https:\\\/\\\/www.hoyesarte.com\\\/premiossoledadlorenzo\\\/?s={search_term_string}\"},\"query-input\":{\"@type\":\"PropertyValueSpecification\",\"valueRequired\":true,\"valueName\":\"search_term_string\"}}],\"inLanguage\":\"es\"}]}<\/script>\n<!-- \/ Yoast SEO plugin. -->","yoast_head_json":{"title":"Premios Soledad Lorenzo para Galer\u00edas de Arte - Premios Soledad Lorenzo para Galer\u00edas de Arte","robots":{"index":"index","follow":"follow","max-snippet":"max-snippet:-1","max-image-preview":"max-image-preview:large","max-video-preview":"max-video-preview:-1"},"canonical":"https:\/\/www.hoyesarte.com\/premiossoledadlorenzo\/about\/","og_locale":"es_ES","og_type":"article","og_title":"Premios Soledad Lorenzo para Galer\u00edas de Arte - Premios Soledad Lorenzo para Galer\u00edas de Arte","og_description":"En el marco de la celebraci\u00f3n de su d\u00e9cimo aniversario, hoyesarte.com, primer diario de arte en lengua espa\u00f1ola, convoca la primera edici\u00f3n de los Premios Soledad Lorenzo para Galer\u00edas de Arte. Este certamen quiere reconocer la dedicaci\u00f3n, el esfuerzo y el compromiso de los galeristas espa\u00f1oles y, al tiempo, rendir homenaje a Soledad Lorenzo, extraordinaria ...","og_url":"https:\/\/www.hoyesarte.com\/premiossoledadlorenzo\/about\/","og_site_name":"Premios Soledad Lorenzo para Galer\u00edas de Arte","article_modified_time":"2019-05-20T17:50:39+00:00","twitter_card":"summary_large_image","twitter_misc":{"Tiempo de lectura":"1 minuto"},"schema":{"@context":"https:\/\/schema.org","@graph":[{"@type":"WebPage","@id":"https:\/\/www.hoyesarte.com\/premiossoledadlorenzo\/about\/","url":"https:\/\/www.hoyesarte.com\/premiossoledadlorenzo\/about\/","name":"Premios Soledad Lorenzo para Galer\u00edas de Arte - Premios Soledad Lorenzo para Galer\u00edas de Arte","isPartOf":{"@id":"https:\/\/www.hoyesarte.com\/premiossoledadlorenzo\/#website"},"datePublished":"2015-09-28T16:29:50+00:00","dateModified":"2019-05-20T17:50:39+00:00","breadcrumb":{"@id":"https:\/\/www.hoyesarte.com\/premiossoledadlorenzo\/about\/#breadcrumb"},"inLanguage":"es","potentialAction":[{"@type":"ReadAction","target":["https:\/\/www.hoyesarte.com\/premiossoledadlorenzo\/about\/"]}]},{"@type":"BreadcrumbList","@id":"https:\/\/www.hoyesarte.com\/premiossoledadlorenzo\/about\/#breadcrumb","itemListElement":[{"@type":"ListItem","position":1,"name":"Portada","item":"https:\/\/www.hoyesarte.com\/premiossoledadlorenzo\/"},{"@type":"ListItem","position":2,"name":"Premios Soledad Lorenzo para Galer\u00edas de Arte"}]},{"@type":"WebSite","@id":"https:\/\/www.hoyesarte.com\/premiossoledadlorenzo\/#website","url":"https:\/\/www.hoyesarte.com\/premiossoledadlorenzo\/","name":"Premios Soledad Lorenzo para Galer\u00edas de Arte","description":"Premios para Galer\u00edas de Arte","potentialAction":[{"@type":"SearchAction","target":{"@type":"EntryPoint","urlTemplate":"https:\/\/www.hoyesarte.com\/premiossoledadlorenzo\/?s={search_term_string}"},"query-input":{"@type":"PropertyValueSpecification","valueRequired":true,"valueName":"search_term_string"}}],"inLanguage":"es"}]}},"_links":{"self":[{"href":"https:\/\/www.hoyesarte.com\/premiossoledadlorenzo\/wp-json\/wp\/v2\/pages\/452","targetHints":{"allow":["GET"]}}],"collection":[{"href":"https:\/\/www.hoyesarte.com\/premiossoledadlorenzo\/wp-json\/wp\/v2\/pages"}],"about":[{"href":"https:\/\/www.hoyesarte.com\/premiossoledadlorenzo\/wp-json\/wp\/v2\/types\/page"}],"author":[{"embeddable":true,"href":"https:\/\/www.hoyesarte.com\/premiossoledadlorenzo\/wp-json\/wp\/v2\/users\/1"}],"replies":[{"embeddable":true,"href":"https:\/\/www.hoyesarte.com\/premiossoledadlorenzo\/wp-json\/wp\/v2\/comments?post=452"}],"version-history":[{"count":3,"href":"https:\/\/www.hoyesarte.com\/premiossoledadlorenzo\/wp-json\/wp\/v2\/pages\/452\/revisions"}],"predecessor-version":[{"id":1033,"href":"https:\/\/www.hoyesarte.com\/premiossoledadlorenzo\/wp-json\/wp\/v2\/pages\/452\/revisions\/1033"}],"wp:attachment":[{"href":"https:\/\/www.hoyesarte.com\/premiossoledadlorenzo\/wp-json\/wp\/v2\/media?parent=452"}],"curies":[{"name":"wp","href":"https:\/\/api.w.org\/{rel}","templated":true}]}}