{"id":777,"date":"2019-05-13T21:12:27","date_gmt":"2019-05-13T19:12:27","guid":{"rendered":"https:\/\/www.hoyesarte.com\/premiossoledadlorenzo\/?page_id=777"},"modified":"2019-05-21T09:25:35","modified_gmt":"2019-05-21T07:25:35","slug":"sobre-hoyesarte-com","status":"publish","type":"page","link":"https:\/\/www.hoyesarte.com\/premiossoledadlorenzo\/sobre-hoyesarte-com\/","title":{"rendered":"hoyesarte.com"},"content":{"rendered":"\n<figure class=\"wp-block-image\"><img loading=\"lazy\" decoding=\"async\" width=\"911\" height=\"1024\" src=\"https:\/\/www.hoyesarte.com\/premiossoledadlorenzo\/files\/2019\/05\/hoyesarte-portada-1-911x1024.jpg\" alt=\"\" class=\"wp-image-912\" srcset=\"https:\/\/www.hoyesarte.com\/premiossoledadlorenzo\/files\/2019\/05\/hoyesarte-portada-1-911x1024.jpg 911w, https:\/\/www.hoyesarte.com\/premiossoledadlorenzo\/files\/2019\/05\/hoyesarte-portada-1-267x300.jpg 267w, https:\/\/www.hoyesarte.com\/premiossoledadlorenzo\/files\/2019\/05\/hoyesarte-portada-1-768x863.jpg 768w, https:\/\/www.hoyesarte.com\/premiossoledadlorenzo\/files\/2019\/05\/hoyesarte-portada-1-825x927.jpg 825w, https:\/\/www.hoyesarte.com\/premiossoledadlorenzo\/files\/2019\/05\/hoyesarte-portada-1.jpg 1212w\" sizes=\"auto, (max-width: 911px) 100vw, 911px\" \/><\/figure>\n\n\n\n<p><em>hoyesarte.com<\/em> es desde enero de 2009 el primer diario de arte en lengua espa\u00f1ola. Un medio de comunicaci\u00f3n en continua actualizaci\u00f3n que permite estar al tanto de la actualidad cultural a tiempo real y desde cualquier lugar del mundo.<\/p>\n\n\n\n<p><em>hoyesarte<\/em><strong><em>.<\/em><\/strong><em>com<\/em> est\u00e1 dirigido a todos los que, de una forma u otra, como aficionados o profesionales, participan en el d\u00eda a d\u00eda de la vida cultural espa\u00f1ola.<\/p>\n\n\n\n<p>Desde su fundaci\u00f3n, su Redacci\u00f3n ha elaborado m\u00e1s de 21.000 art\u00edculos, entre informaciones, art\u00edculos de opini\u00f3n, entrevistas, reportajes y m\u00e1s de novecientos v\u00eddeos.<\/p>\n\n\n\n<p><em>hoyesarte.com<\/em> ofrece al lector la posibilidad de suscribirse gratuitamente a su bolet\u00edn digital diario, lo que le permite recibir c\u00f3modamente en su correo los titulares de nuestras \u00faltimas noticias. 30.000 personas ya lo han hecho.<\/p>\n\n\n\n<p><em>hoyesarte.com<\/em> cuenta ya con 77.000 seguidores en Facebook, n\u00famero que en Twitter supera los 51.800. Adem\u00e1s, nuestro canal de YouTube tiene m\u00e1s de 17.400 suscriptores. <\/p>\n\n\n\n<p style=\"text-align:center\"><strong>Editor<\/strong><br>Juli\u00e1n Zabala<\/p>\n\n\n\n<p style=\"text-align:center\"><strong>Director<\/strong><br>Carlos del \u00c1guila<\/p>\n\n\n\n<p style=\"text-align:center\"><strong>Director adjunto<\/strong><br>Javier L\u00f3pez Iglesias<\/p>\n\n\n\n<p style=\"text-align:center\"><strong>Redacci\u00f3n<\/strong><br>Luis Pardo<br>\u00c1ngela Donoso<br>Isabel Lois<br>Mario Herrero<br>Eduardo Garc\u00eda<br>Almudena Jim\u00e9nez<\/p>\n\n\n\n<p style=\"text-align:center\"><strong>Redes sociales<br><\/strong>Laura Castellanos<\/p>\n\n\n\n<p style=\"text-align:center\"><strong>Publicidad<\/strong><br>Carlos Su\u00e1rez<br>Alberto Arroyo<\/p>\n\n\n\n<p style=\"text-align:center\"><strong>Fotograf\u00eda<\/strong><br>Luis Domingo<\/p>\n\n\n\n<p style=\"text-align:center\"><strong>Colaboradores<\/strong><br>Manuel Ant\u00f3n, Clara Bajo Guti\u00e9rrez, Noelia Barrientos, Alberto Bravo, Jos\u00e9 Ra\u00fal Camacho, Carmen Fern\u00e1ndez-Daza, Leticia Fern\u00e1ndez-Fontecha, Daniel Gil P\u00e9rez, Jos\u00e9 Gonz\u00e1lez N\u00fa\u00f1ez, Erika Goyarrola, Carolina Hoffmann, V\u00edctor Novoa, J.F. Pastor P\u00e0ris, Alicia Valdivieso<\/p>\n\n\n\n<div class=\"wp-block-image\"><figure class=\"aligncenter\"><a href=\"https:\/\/www.hoyesarte.com\/wp-content\/uploads\/2013\/03\/logo-DB-2.jpg\"><img decoding=\"async\" src=\"https:\/\/www.hoyesarte.com\/wp-content\/uploads\/2013\/03\/logo-DB-2-300x263.jpg\" alt=\"logo DB-2\" class=\"wp-image-143127\"\/><\/a><\/figure><\/div>\n\n\n\n<p><br><\/p>\n","protected":false},"excerpt":{"rendered":"<p>hoyesarte.com es desde enero de 2009 el primer diario de arte en lengua espa\u00f1ola. Un medio de comunicaci\u00f3n en continua actualizaci\u00f3n que permite estar al tanto de la actualidad cultural a tiempo real y desde cualquier lugar del mundo. hoyesarte.com est\u00e1 dirigido a todos los que, de una forma u otra, como aficionados o profesionales, &#8230;<\/p>\n","protected":false},"author":41,"featured_media":908,"parent":0,"menu_order":0,"comment_status":"closed","ping_status":"closed","template":"templates\/template-full.php","meta":{"_monsterinsights_skip_tracking":false,"_monsterinsights_sitenote_active":false,"_monsterinsights_sitenote_note":"","_monsterinsights_sitenote_category":0,"footnotes":""},"class_list":["post-777","page","type-page","status-publish","has-post-thumbnail","hentry"],"yoast_head":"<!-- This site is optimized with the Yoast SEO plugin v27.2 - https:\/\/yoast.com\/product\/yoast-seo-wordpress\/ -->\n<title>hoyesarte.com - Premios Soledad Lorenzo para Galer\u00edas de Arte<\/title>\n<meta name=\"robots\" content=\"index, follow, max-snippet:-1, max-image-preview:large, max-video-preview:-1\" \/>\n<link rel=\"canonical\" href=\"https:\/\/www.hoyesarte.com\/premiossoledadlorenzo\/sobre-hoyesarte-com\/\" \/>\n<meta property=\"og:locale\" content=\"es_ES\" \/>\n<meta property=\"og:type\" content=\"article\" \/>\n<meta property=\"og:title\" content=\"hoyesarte.com - Premios Soledad Lorenzo para Galer\u00edas de Arte\" \/>\n<meta property=\"og:description\" content=\"hoyesarte.com es desde enero de 2009 el primer diario de arte en lengua espa\u00f1ola. Un medio de comunicaci\u00f3n en continua actualizaci\u00f3n que permite estar al tanto de la actualidad cultural a tiempo real y desde cualquier lugar del mundo. hoyesarte.com est\u00e1 dirigido a todos los que, de una forma u otra, como aficionados o profesionales, ...\" \/>\n<meta property=\"og:url\" content=\"https:\/\/www.hoyesarte.com\/premiossoledadlorenzo\/sobre-hoyesarte-com\/\" \/>\n<meta property=\"og:site_name\" content=\"Premios Soledad Lorenzo para Galer\u00edas de Arte\" \/>\n<meta property=\"article:modified_time\" content=\"2019-05-21T07:25:35+00:00\" \/>\n<meta property=\"og:image\" content=\"https:\/\/www.hoyesarte.com\/premiossoledadlorenzo\/files\/2019\/05\/ajMWSAPb_400x400.png\" \/>\n\t<meta property=\"og:image:width\" content=\"400\" \/>\n\t<meta property=\"og:image:height\" content=\"400\" \/>\n\t<meta property=\"og:image:type\" content=\"image\/png\" \/>\n<meta name=\"twitter:card\" content=\"summary_large_image\" \/>\n<meta name=\"twitter:label1\" content=\"Tiempo de lectura\" \/>\n\t<meta name=\"twitter:data1\" content=\"1 minuto\" \/>\n<script type=\"application\/ld+json\" class=\"yoast-schema-graph\">{\"@context\":\"https:\/\/schema.org\",\"@graph\":[{\"@type\":\"WebPage\",\"@id\":\"https:\/\/www.hoyesarte.com\/premiossoledadlorenzo\/sobre-hoyesarte-com\/\",\"url\":\"https:\/\/www.hoyesarte.com\/premiossoledadlorenzo\/sobre-hoyesarte-com\/\",\"name\":\"hoyesarte.com - Premios Soledad Lorenzo para Galer\u00edas de Arte\",\"isPartOf\":{\"@id\":\"https:\/\/www.hoyesarte.com\/premiossoledadlorenzo\/#website\"},\"primaryImageOfPage\":{\"@id\":\"https:\/\/www.hoyesarte.com\/premiossoledadlorenzo\/sobre-hoyesarte-com\/#primaryimage\"},\"image\":{\"@id\":\"https:\/\/www.hoyesarte.com\/premiossoledadlorenzo\/sobre-hoyesarte-com\/#primaryimage\"},\"thumbnailUrl\":\"https:\/\/www.hoyesarte.com\/premiossoledadlorenzo\/files\/2019\/05\/ajMWSAPb_400x400.png\",\"datePublished\":\"2019-05-13T19:12:27+00:00\",\"dateModified\":\"2019-05-21T07:25:35+00:00\",\"breadcrumb\":{\"@id\":\"https:\/\/www.hoyesarte.com\/premiossoledadlorenzo\/sobre-hoyesarte-com\/#breadcrumb\"},\"inLanguage\":\"es\",\"potentialAction\":[{\"@type\":\"ReadAction\",\"target\":[\"https:\/\/www.hoyesarte.com\/premiossoledadlorenzo\/sobre-hoyesarte-com\/\"]}]},{\"@type\":\"ImageObject\",\"inLanguage\":\"es\",\"@id\":\"https:\/\/www.hoyesarte.com\/premiossoledadlorenzo\/sobre-hoyesarte-com\/#primaryimage\",\"url\":\"https:\/\/www.hoyesarte.com\/premiossoledadlorenzo\/files\/2019\/05\/ajMWSAPb_400x400.png\",\"contentUrl\":\"https:\/\/www.hoyesarte.com\/premiossoledadlorenzo\/files\/2019\/05\/ajMWSAPb_400x400.png\",\"width\":400,\"height\":400},{\"@type\":\"BreadcrumbList\",\"@id\":\"https:\/\/www.hoyesarte.com\/premiossoledadlorenzo\/sobre-hoyesarte-com\/#breadcrumb\",\"itemListElement\":[{\"@type\":\"ListItem\",\"position\":1,\"name\":\"Portada\",\"item\":\"https:\/\/www.hoyesarte.com\/premiossoledadlorenzo\/\"},{\"@type\":\"ListItem\",\"position\":2,\"name\":\"hoyesarte.com\"}]},{\"@type\":\"WebSite\",\"@id\":\"https:\/\/www.hoyesarte.com\/premiossoledadlorenzo\/#website\",\"url\":\"https:\/\/www.hoyesarte.com\/premiossoledadlorenzo\/\",\"name\":\"Premios Soledad Lorenzo para Galer\u00edas de Arte\",\"description\":\"Premios para Galer\u00edas de Arte\",\"potentialAction\":[{\"@type\":\"SearchAction\",\"target\":{\"@type\":\"EntryPoint\",\"urlTemplate\":\"https:\/\/www.hoyesarte.com\/premiossoledadlorenzo\/?s={search_term_string}\"},\"query-input\":{\"@type\":\"PropertyValueSpecification\",\"valueRequired\":true,\"valueName\":\"search_term_string\"}}],\"inLanguage\":\"es\"}]}<\/script>\n<!-- \/ Yoast SEO plugin. -->","yoast_head_json":{"title":"hoyesarte.com - Premios Soledad Lorenzo para Galer\u00edas de Arte","robots":{"index":"index","follow":"follow","max-snippet":"max-snippet:-1","max-image-preview":"max-image-preview:large","max-video-preview":"max-video-preview:-1"},"canonical":"https:\/\/www.hoyesarte.com\/premiossoledadlorenzo\/sobre-hoyesarte-com\/","og_locale":"es_ES","og_type":"article","og_title":"hoyesarte.com - Premios Soledad Lorenzo para Galer\u00edas de Arte","og_description":"hoyesarte.com es desde enero de 2009 el primer diario de arte en lengua espa\u00f1ola. Un medio de comunicaci\u00f3n en continua actualizaci\u00f3n que permite estar al tanto de la actualidad cultural a tiempo real y desde cualquier lugar del mundo. hoyesarte.com est\u00e1 dirigido a todos los que, de una forma u otra, como aficionados o profesionales, ...","og_url":"https:\/\/www.hoyesarte.com\/premiossoledadlorenzo\/sobre-hoyesarte-com\/","og_site_name":"Premios Soledad Lorenzo para Galer\u00edas de Arte","article_modified_time":"2019-05-21T07:25:35+00:00","og_image":[{"width":400,"height":400,"url":"https:\/\/www.hoyesarte.com\/premiossoledadlorenzo\/files\/2019\/05\/ajMWSAPb_400x400.png","type":"image\/png"}],"twitter_card":"summary_large_image","twitter_misc":{"Tiempo de lectura":"1 minuto"},"schema":{"@context":"https:\/\/schema.org","@graph":[{"@type":"WebPage","@id":"https:\/\/www.hoyesarte.com\/premiossoledadlorenzo\/sobre-hoyesarte-com\/","url":"https:\/\/www.hoyesarte.com\/premiossoledadlorenzo\/sobre-hoyesarte-com\/","name":"hoyesarte.com - Premios Soledad Lorenzo para Galer\u00edas de Arte","isPartOf":{"@id":"https:\/\/www.hoyesarte.com\/premiossoledadlorenzo\/#website"},"primaryImageOfPage":{"@id":"https:\/\/www.hoyesarte.com\/premiossoledadlorenzo\/sobre-hoyesarte-com\/#primaryimage"},"image":{"@id":"https:\/\/www.hoyesarte.com\/premiossoledadlorenzo\/sobre-hoyesarte-com\/#primaryimage"},"thumbnailUrl":"https:\/\/www.hoyesarte.com\/premiossoledadlorenzo\/files\/2019\/05\/ajMWSAPb_400x400.png","datePublished":"2019-05-13T19:12:27+00:00","dateModified":"2019-05-21T07:25:35+00:00","breadcrumb":{"@id":"https:\/\/www.hoyesarte.com\/premiossoledadlorenzo\/sobre-hoyesarte-com\/#breadcrumb"},"inLanguage":"es","potentialAction":[{"@type":"ReadAction","target":["https:\/\/www.hoyesarte.com\/premiossoledadlorenzo\/sobre-hoyesarte-com\/"]}]},{"@type":"ImageObject","inLanguage":"es","@id":"https:\/\/www.hoyesarte.com\/premiossoledadlorenzo\/sobre-hoyesarte-com\/#primaryimage","url":"https:\/\/www.hoyesarte.com\/premiossoledadlorenzo\/files\/2019\/05\/ajMWSAPb_400x400.png","contentUrl":"https:\/\/www.hoyesarte.com\/premiossoledadlorenzo\/files\/2019\/05\/ajMWSAPb_400x400.png","width":400,"height":400},{"@type":"BreadcrumbList","@id":"https:\/\/www.hoyesarte.com\/premiossoledadlorenzo\/sobre-hoyesarte-com\/#breadcrumb","itemListElement":[{"@type":"ListItem","position":1,"name":"Portada","item":"https:\/\/www.hoyesarte.com\/premiossoledadlorenzo\/"},{"@type":"ListItem","position":2,"name":"hoyesarte.com"}]},{"@type":"WebSite","@id":"https:\/\/www.hoyesarte.com\/premiossoledadlorenzo\/#website","url":"https:\/\/www.hoyesarte.com\/premiossoledadlorenzo\/","name":"Premios Soledad Lorenzo para Galer\u00edas de Arte","description":"Premios para Galer\u00edas de Arte","potentialAction":[{"@type":"SearchAction","target":{"@type":"EntryPoint","urlTemplate":"https:\/\/www.hoyesarte.com\/premiossoledadlorenzo\/?s={search_term_string}"},"query-input":{"@type":"PropertyValueSpecification","valueRequired":true,"valueName":"search_term_string"}}],"inLanguage":"es"}]}},"_links":{"self":[{"href":"https:\/\/www.hoyesarte.com\/premiossoledadlorenzo\/wp-json\/wp\/v2\/pages\/777","targetHints":{"allow":["GET"]}}],"collection":[{"href":"https:\/\/www.hoyesarte.com\/premiossoledadlorenzo\/wp-json\/wp\/v2\/pages"}],"about":[{"href":"https:\/\/www.hoyesarte.com\/premiossoledadlorenzo\/wp-json\/wp\/v2\/types\/page"}],"author":[{"embeddable":true,"href":"https:\/\/www.hoyesarte.com\/premiossoledadlorenzo\/wp-json\/wp\/v2\/users\/41"}],"replies":[{"embeddable":true,"href":"https:\/\/www.hoyesarte.com\/premiossoledadlorenzo\/wp-json\/wp\/v2\/comments?post=777"}],"version-history":[{"count":3,"href":"https:\/\/www.hoyesarte.com\/premiossoledadlorenzo\/wp-json\/wp\/v2\/pages\/777\/revisions"}],"predecessor-version":[{"id":1061,"href":"https:\/\/www.hoyesarte.com\/premiossoledadlorenzo\/wp-json\/wp\/v2\/pages\/777\/revisions\/1061"}],"wp:featuredmedia":[{"embeddable":true,"href":"https:\/\/www.hoyesarte.com\/premiossoledadlorenzo\/wp-json\/wp\/v2\/media\/908"}],"wp:attachment":[{"href":"https:\/\/www.hoyesarte.com\/premiossoledadlorenzo\/wp-json\/wp\/v2\/media?parent=777"}],"curies":[{"name":"wp","href":"https:\/\/api.w.org\/{rel}","templated":true}]}}